{"id":29595,"date":"2024-10-24T14:39:28","date_gmt":"2024-10-24T12:39:28","guid":{"rendered":"https:\/\/otop.ch\/?post_type=product&#038;p=29595"},"modified":"2025-01-25T16:54:01","modified_gmt":"2025-01-25T15:54:01","slug":"nr-23","status":"publish","type":"product","link":"https:\/\/otop.ch\/en\/product\/nr-23\/","title":{"rendered":"Nr 23"},"content":{"rendered":"","protected":false},"excerpt":{"rendered":"<p>Cette composition festive est id\u00e9ale pour un anniversaire d\u2019enfant, alliant couleurs vives et personnages adorables pour un effet m\u00e9morable.<\/p>\n<p>D\u00e9tails du produit :<\/p>\n<p><strong>3 <\/strong>figures th\u00e9matiques (z\u00e8bre, lion, gu\u00e9pard), captivant pour les petits et grands.<\/p>\n<p><strong>1 <\/strong>chiffre aluminium (<strong>66<\/strong> cm) sur poids, pour c\u00e9l\u00e9brer l\u2019\u00e2ge de l\u2019enfant avec style.<\/p>\n<p><strong>1<\/strong> bouquet comprenant :<\/p>\n<p><strong>2<\/strong> ballons ronds en aluminium (<strong>45<\/strong> cm)<\/p>\n<p><strong>2<\/strong> ballons reflex<\/p>\n<p><strong>6<\/strong> ballons en latex<\/p>\n<p><em>*Les couleurs et les styles des ballons peuvent \u00eatre personnalis\u00e9s selon vos envies, sous r\u00e9serve de disponibilit\u00e9 en stock.<\/em><\/p>","protected":false},"featured_media":29601,"template":"","meta":[],"product_brand":[],"product_cat":[419,179,553,554,130],"product_tag":[],"class_list":{"0":"post-29595","1":"product","2":"type-product","3":"status-publish","4":"has-post-thumbnail","6":"product_cat-thematique","7":"product_cat-compositions-pretes","8":"product_cat-filles","9":"product_cat-garcons","10":"product_cat-helium","12":"first","13":"instock","14":"shipping-taxable","15":"purchasable","16":"product-type-simple"},"aioseo_notices":[],"jetpack_sharing_enabled":true,"_links":{"self":[{"href":"https:\/\/otop.ch\/en\/wp-json\/wp\/v2\/product\/29595"}],"collection":[{"href":"https:\/\/otop.ch\/en\/wp-json\/wp\/v2\/product"}],"about":[{"href":"https:\/\/otop.ch\/en\/wp-json\/wp\/v2\/types\/product"}],"version-history":[{"count":5,"href":"https:\/\/otop.ch\/en\/wp-json\/wp\/v2\/product\/29595\/revisions"}],"predecessor-version":[{"id":29685,"href":"https:\/\/otop.ch\/en\/wp-json\/wp\/v2\/product\/29595\/revisions\/29685"}],"wp:featuredmedia":[{"embeddable":true,"href":"https:\/\/otop.ch\/en\/wp-json\/wp\/v2\/media\/29601"}],"wp:attachment":[{"href":"https:\/\/otop.ch\/en\/wp-json\/wp\/v2\/media?parent=29595"}],"wp:term":[{"taxonomy":"product_brand","embeddable":true,"href":"https:\/\/otop.ch\/en\/wp-json\/wp\/v2\/product_brand?post=29595"},{"taxonomy":"product_cat","embeddable":true,"href":"https:\/\/otop.ch\/en\/wp-json\/wp\/v2\/product_cat?post=29595"},{"taxonomy":"product_tag","embeddable":true,"href":"https:\/\/otop.ch\/en\/wp-json\/wp\/v2\/product_tag?post=29595"}],"curies":[{"name":"wp","href":"https:\/\/api.w.org\/{rel}","templated":true}]}}