{"id":29603,"date":"2024-10-24T14:46:13","date_gmt":"2024-10-24T12:46:13","guid":{"rendered":"https:\/\/otop.ch\/?post_type=product&#038;p=29603"},"modified":"2025-01-25T16:51:19","modified_gmt":"2025-01-25T15:51:19","slug":"nr-24","status":"publish","type":"product","link":"https:\/\/otop.ch\/en\/product\/nr-24\/","title":{"rendered":"Nr 24"},"content":{"rendered":"","protected":false},"excerpt":{"rendered":"<p>Cette composition douce et \u00e9l\u00e9gante est parfaite pour c\u00e9l\u00e9brer un premier anniversaire ou tout autre moment sp\u00e9cial avec une ambiance apaisante et chic.<\/p>\n<p>D\u00e9tails du produit :<\/p>\n<p><strong>1<\/strong> chiffre aluminium (66 cm) sur poids<\/p>\n<p><strong>1<\/strong> ballon lapin<\/p>\n<p><strong>1<\/strong> bouquet compos\u00e9 de :<\/p>\n<p><strong>7<\/strong> ballons en latex dans des tons neutres.<\/p>\n<p><em>*Les couleurs et styles des ballons peuvent \u00eatre personnalis\u00e9s selon vos pr\u00e9f\u00e9rences, sous r\u00e9serve de disponibilit\u00e9 en stock.<\/em><\/p>","protected":false},"featured_media":29605,"template":"","meta":[],"product_brand":[],"product_cat":[419,179,553,554,130],"product_tag":[],"class_list":{"0":"post-29603","1":"product","2":"type-product","3":"status-publish","4":"has-post-thumbnail","6":"product_cat-thematique","7":"product_cat-compositions-pretes","8":"product_cat-filles","9":"product_cat-garcons","10":"product_cat-helium","12":"first","13":"instock","14":"shipping-taxable","15":"purchasable","16":"product-type-simple"},"aioseo_notices":[],"jetpack_sharing_enabled":true,"_links":{"self":[{"href":"https:\/\/otop.ch\/en\/wp-json\/wp\/v2\/product\/29603"}],"collection":[{"href":"https:\/\/otop.ch\/en\/wp-json\/wp\/v2\/product"}],"about":[{"href":"https:\/\/otop.ch\/en\/wp-json\/wp\/v2\/types\/product"}],"version-history":[{"count":5,"href":"https:\/\/otop.ch\/en\/wp-json\/wp\/v2\/product\/29603\/revisions"}],"predecessor-version":[{"id":29686,"href":"https:\/\/otop.ch\/en\/wp-json\/wp\/v2\/product\/29603\/revisions\/29686"}],"wp:featuredmedia":[{"embeddable":true,"href":"https:\/\/otop.ch\/en\/wp-json\/wp\/v2\/media\/29605"}],"wp:attachment":[{"href":"https:\/\/otop.ch\/en\/wp-json\/wp\/v2\/media?parent=29603"}],"wp:term":[{"taxonomy":"product_brand","embeddable":true,"href":"https:\/\/otop.ch\/en\/wp-json\/wp\/v2\/product_brand?post=29603"},{"taxonomy":"product_cat","embeddable":true,"href":"https:\/\/otop.ch\/en\/wp-json\/wp\/v2\/product_cat?post=29603"},{"taxonomy":"product_tag","embeddable":true,"href":"https:\/\/otop.ch\/en\/wp-json\/wp\/v2\/product_tag?post=29603"}],"curies":[{"name":"wp","href":"https:\/\/api.w.org\/{rel}","templated":true}]}}