{"id":29609,"date":"2024-10-24T16:10:50","date_gmt":"2024-10-24T14:10:50","guid":{"rendered":"https:\/\/otop.ch\/?post_type=product&#038;p=29609"},"modified":"2025-01-25T16:50:09","modified_gmt":"2025-01-25T15:50:09","slug":"nr-25","status":"publish","type":"product","link":"https:\/\/otop.ch\/en\/product\/nr-25\/","title":{"rendered":"Nr 25"},"content":{"rendered":"","protected":false},"excerpt":{"rendered":"<p>Cette composition originale et pleine de vie est id\u00e9ale pour un anniversaire ou une f\u00eate \u00e0 th\u00e8me, apportant une touche exotique et amusante \u00e0 votre \u00e9v\u00e9nement.<\/p>\n<p>D\u00e9tails du produit :<\/p>\n<p><strong>1<\/strong> chiffre aluminium (<strong>66<\/strong> cm) sur poids<\/p>\n<p><strong>1<\/strong> ballon z\u00e8bre<\/p>\n<p><strong>1<\/strong> bouquet compos\u00e9 de :<\/p>\n<p><strong>5<\/strong> c\u0153urs aluminium (<strong>45<\/strong> cm)<\/p>\n<p><em>*Les couleurs et styles des ballons peuvent \u00eatre personnalis\u00e9s selon vos pr\u00e9f\u00e9rences, sous r\u00e9serve de disponibilit\u00e9 en stock.<\/em><\/p>","protected":false},"featured_media":29612,"template":"","meta":[],"product_brand":[],"product_cat":[419,179,554,130,182,184,219],"product_tag":[],"class_list":{"0":"post-29609","1":"product","2":"type-product","3":"status-publish","4":"has-post-thumbnail","6":"product_cat-thematique","7":"product_cat-compositions-pretes","8":"product_cat-garcons","9":"product_cat-helium","10":"product_cat-aluminium","11":"product_cat-chiffres","12":"product_cat-coeurs","14":"first","15":"instock","16":"shipping-taxable","17":"purchasable","18":"product-type-simple"},"aioseo_notices":[],"jetpack_sharing_enabled":true,"_links":{"self":[{"href":"https:\/\/otop.ch\/en\/wp-json\/wp\/v2\/product\/29609"}],"collection":[{"href":"https:\/\/otop.ch\/en\/wp-json\/wp\/v2\/product"}],"about":[{"href":"https:\/\/otop.ch\/en\/wp-json\/wp\/v2\/types\/product"}],"version-history":[{"count":3,"href":"https:\/\/otop.ch\/en\/wp-json\/wp\/v2\/product\/29609\/revisions"}],"predecessor-version":[{"id":29687,"href":"https:\/\/otop.ch\/en\/wp-json\/wp\/v2\/product\/29609\/revisions\/29687"}],"wp:featuredmedia":[{"embeddable":true,"href":"https:\/\/otop.ch\/en\/wp-json\/wp\/v2\/media\/29612"}],"wp:attachment":[{"href":"https:\/\/otop.ch\/en\/wp-json\/wp\/v2\/media?parent=29609"}],"wp:term":[{"taxonomy":"product_brand","embeddable":true,"href":"https:\/\/otop.ch\/en\/wp-json\/wp\/v2\/product_brand?post=29609"},{"taxonomy":"product_cat","embeddable":true,"href":"https:\/\/otop.ch\/en\/wp-json\/wp\/v2\/product_cat?post=29609"},{"taxonomy":"product_tag","embeddable":true,"href":"https:\/\/otop.ch\/en\/wp-json\/wp\/v2\/product_tag?post=29609"}],"curies":[{"name":"wp","href":"https:\/\/api.w.org\/{rel}","templated":true}]}}