{"id":29699,"date":"2024-11-07T10:17:26","date_gmt":"2024-11-07T09:17:26","guid":{"rendered":"https:\/\/otop.ch\/?post_type=product&#038;p=29699"},"modified":"2025-01-25T16:44:45","modified_gmt":"2025-01-25T15:44:45","slug":"nr-26","status":"publish","type":"product","link":"https:\/\/otop.ch\/en\/product\/nr-26\/","title":{"rendered":"Nr 26"},"content":{"rendered":"","protected":false},"excerpt":{"rendered":"<p>Apportez une ambiance douce et magique \u00e0 votre \u00e9v\u00e9nement avec cette composition adorable, parfaite pour une baby shower ou un anniversaire.<\/p>\n<p>D\u00e9tails du produit :<\/p>\n<p><strong>Au plafond :<\/strong><\/p>\n<p><strong>12<\/strong> ballons en latex flottant pour cr\u00e9er une atmosph\u00e8re a\u00e9rienne.<\/p>\n<p><strong>Sur poids :<\/strong><\/p>\n<p><strong>2<\/strong> ballons nuages en aluminium avec des visages souriants, ajoutant une touche d\u2019enchantement.<\/p>\n<p><strong>1<\/strong> ballon souris en aluminium, adorable et unique.<\/p>\n<p><strong>1<\/strong> bouquet comprenant :<\/p>\n<p><strong>9<\/strong> ballons en latex.<\/p>\n<p><strong>1<\/strong> ballon c\u0153ur en aluminium (<strong>45<\/strong> cm) pour une finition \u00e9l\u00e9gante.<\/p>\n<p><em>*Les couleurs et les \u00e9l\u00e9ments peuvent \u00eatre personnalis\u00e9s selon vos pr\u00e9f\u00e9rences, sous r\u00e9serve de disponibilit\u00e9.<\/em><\/p>","protected":false},"featured_media":29701,"template":"","meta":[],"product_brand":[],"product_cat":[419,179,553,555,130],"product_tag":[],"class_list":{"0":"post-29699","1":"product","2":"type-product","3":"status-publish","4":"has-post-thumbnail","6":"product_cat-thematique","7":"product_cat-compositions-pretes","8":"product_cat-filles","9":"product_cat-hello-baby","10":"product_cat-helium","12":"first","13":"instock","14":"shipping-taxable","15":"purchasable","16":"product-type-simple"},"aioseo_notices":[],"jetpack_sharing_enabled":true,"_links":{"self":[{"href":"https:\/\/otop.ch\/en\/wp-json\/wp\/v2\/product\/29699"}],"collection":[{"href":"https:\/\/otop.ch\/en\/wp-json\/wp\/v2\/product"}],"about":[{"href":"https:\/\/otop.ch\/en\/wp-json\/wp\/v2\/types\/product"}],"version-history":[{"count":1,"href":"https:\/\/otop.ch\/en\/wp-json\/wp\/v2\/product\/29699\/revisions"}],"predecessor-version":[{"id":29704,"href":"https:\/\/otop.ch\/en\/wp-json\/wp\/v2\/product\/29699\/revisions\/29704"}],"wp:featuredmedia":[{"embeddable":true,"href":"https:\/\/otop.ch\/en\/wp-json\/wp\/v2\/media\/29701"}],"wp:attachment":[{"href":"https:\/\/otop.ch\/en\/wp-json\/wp\/v2\/media?parent=29699"}],"wp:term":[{"taxonomy":"product_brand","embeddable":true,"href":"https:\/\/otop.ch\/en\/wp-json\/wp\/v2\/product_brand?post=29699"},{"taxonomy":"product_cat","embeddable":true,"href":"https:\/\/otop.ch\/en\/wp-json\/wp\/v2\/product_cat?post=29699"},{"taxonomy":"product_tag","embeddable":true,"href":"https:\/\/otop.ch\/en\/wp-json\/wp\/v2\/product_tag?post=29699"}],"curies":[{"name":"wp","href":"https:\/\/api.w.org\/{rel}","templated":true}]}}