{"id":29706,"date":"2024-11-07T10:39:32","date_gmt":"2024-11-07T09:39:32","guid":{"rendered":"https:\/\/otop.ch\/?post_type=product&#038;p=29706"},"modified":"2025-01-25T16:33:43","modified_gmt":"2025-01-25T15:33:43","slug":"nr-27","status":"publish","type":"product","link":"https:\/\/otop.ch\/en\/product\/nr-27\/","title":{"rendered":"Nr 27"},"content":{"rendered":"","protected":false},"excerpt":{"rendered":"<p>Cette composition \u00e9l\u00e9gante et joyeuse est id\u00e9ale pour c\u00e9l\u00e9brer un moment unique et m\u00e9morable, avec des ballons soigneusement s\u00e9lectionn\u00e9s pour une harmonie parfaite.<\/p>\n<p>D\u00e9tails du produit :<\/p>\n<p><strong>Au plafond :<\/strong><br \/>\n<strong>11<\/strong> ballons en latex dans des tons doux, apportant une touche a\u00e9rienne et festive.<\/p>\n<p><strong>Au sol :<\/strong><br \/>\n<strong>1<\/strong> ballon nuage sur poids<br \/>\n<strong>1<\/strong> ballon double stuffing (<strong>60<\/strong> cm) comprenant un ballon avec \u00e9criture personnalis\u00e9e et confettis \u00e0 l&rsquo;int\u00e9rieur<\/p>\n<p><strong>1<\/strong> bouquet compos\u00e9 de :<\/p>\n<p><strong>4<\/strong> ballons c\u0153urs en aluminium (<strong>45<\/strong> cm)<\/p>\n<p><strong>4<\/strong> ballons en latex<\/p>\n<p><strong>2<\/strong> ballons confettis<\/p>\n<p><em>*Les couleurs, les \u00e9critures et les styles peuvent \u00eatre personnalis\u00e9s selon vos pr\u00e9f\u00e9rences pour rendre chaque d\u00e9tail unique.<\/em><\/p>","protected":false},"featured_media":29709,"template":"","meta":[],"product_brand":[],"product_cat":[419,179,553,555,130],"product_tag":[],"class_list":{"0":"post-29706","1":"product","2":"type-product","3":"status-publish","4":"has-post-thumbnail","6":"product_cat-thematique","7":"product_cat-compositions-pretes","8":"product_cat-filles","9":"product_cat-hello-baby","10":"product_cat-helium","12":"first","13":"instock","14":"shipping-taxable","15":"purchasable","16":"product-type-simple"},"aioseo_notices":[],"jetpack_sharing_enabled":true,"_links":{"self":[{"href":"https:\/\/otop.ch\/en\/wp-json\/wp\/v2\/product\/29706"}],"collection":[{"href":"https:\/\/otop.ch\/en\/wp-json\/wp\/v2\/product"}],"about":[{"href":"https:\/\/otop.ch\/en\/wp-json\/wp\/v2\/types\/product"}],"version-history":[{"count":2,"href":"https:\/\/otop.ch\/en\/wp-json\/wp\/v2\/product\/29706\/revisions"}],"predecessor-version":[{"id":29835,"href":"https:\/\/otop.ch\/en\/wp-json\/wp\/v2\/product\/29706\/revisions\/29835"}],"wp:featuredmedia":[{"embeddable":true,"href":"https:\/\/otop.ch\/en\/wp-json\/wp\/v2\/media\/29709"}],"wp:attachment":[{"href":"https:\/\/otop.ch\/en\/wp-json\/wp\/v2\/media?parent=29706"}],"wp:term":[{"taxonomy":"product_brand","embeddable":true,"href":"https:\/\/otop.ch\/en\/wp-json\/wp\/v2\/product_brand?post=29706"},{"taxonomy":"product_cat","embeddable":true,"href":"https:\/\/otop.ch\/en\/wp-json\/wp\/v2\/product_cat?post=29706"},{"taxonomy":"product_tag","embeddable":true,"href":"https:\/\/otop.ch\/en\/wp-json\/wp\/v2\/product_tag?post=29706"}],"curies":[{"name":"wp","href":"https:\/\/api.w.org\/{rel}","templated":true}]}}