{"id":29712,"date":"2024-11-07T11:05:30","date_gmt":"2024-11-07T10:05:30","guid":{"rendered":"https:\/\/otop.ch\/?post_type=product&#038;p=29712"},"modified":"2025-01-25T16:31:07","modified_gmt":"2025-01-25T15:31:07","slug":"nr-28","status":"publish","type":"product","link":"https:\/\/otop.ch\/en\/product\/nr-28\/","title":{"rendered":"Nr 28"},"content":{"rendered":"","protected":false},"excerpt":{"rendered":"<p>Une composition \u00e9l\u00e9gante et raffin\u00e9e, parfaite pour r\u00e9v\u00e9ler le genre de votre b\u00e9b\u00e9 ou sublimer une occasion sp\u00e9ciale.<\/p>\n<p>D\u00e9tails du produit :<\/p>\n<p><strong>1<\/strong> ballon central double stuffing (<strong>45<\/strong> cm) avec l\u2019inscription \u00ab\u00a0Boy or Girl\u00a0\u00bb<\/p>\n<p><strong>2<\/strong> bouquets comprenant chacun :<\/p>\n<p><strong>1<\/strong> c\u0153urs en aluminium (<strong>45<\/strong> cm)<\/p>\n<p><strong>2<\/strong> ballons reflex<\/p>\n<p><b>4 <\/b>ballons latex<\/p>\n<p><em>*Les couleurs et les inscriptions sont enti\u00e8rement personnalisables selon vos souhaits.<\/em><\/p>","protected":false},"featured_media":29714,"template":"","meta":[],"product_brand":[],"product_cat":[179,555,130],"product_tag":[],"class_list":{"0":"post-29712","1":"product","2":"type-product","3":"status-publish","4":"has-post-thumbnail","6":"product_cat-compositions-pretes","7":"product_cat-hello-baby","8":"product_cat-helium","10":"first","11":"instock","12":"shipping-taxable","13":"purchasable","14":"product-type-simple"},"aioseo_notices":[],"jetpack_sharing_enabled":true,"_links":{"self":[{"href":"https:\/\/otop.ch\/en\/wp-json\/wp\/v2\/product\/29712"}],"collection":[{"href":"https:\/\/otop.ch\/en\/wp-json\/wp\/v2\/product"}],"about":[{"href":"https:\/\/otop.ch\/en\/wp-json\/wp\/v2\/types\/product"}],"version-history":[{"count":2,"href":"https:\/\/otop.ch\/en\/wp-json\/wp\/v2\/product\/29712\/revisions"}],"predecessor-version":[{"id":29834,"href":"https:\/\/otop.ch\/en\/wp-json\/wp\/v2\/product\/29712\/revisions\/29834"}],"wp:featuredmedia":[{"embeddable":true,"href":"https:\/\/otop.ch\/en\/wp-json\/wp\/v2\/media\/29714"}],"wp:attachment":[{"href":"https:\/\/otop.ch\/en\/wp-json\/wp\/v2\/media?parent=29712"}],"wp:term":[{"taxonomy":"product_brand","embeddable":true,"href":"https:\/\/otop.ch\/en\/wp-json\/wp\/v2\/product_brand?post=29712"},{"taxonomy":"product_cat","embeddable":true,"href":"https:\/\/otop.ch\/en\/wp-json\/wp\/v2\/product_cat?post=29712"},{"taxonomy":"product_tag","embeddable":true,"href":"https:\/\/otop.ch\/en\/wp-json\/wp\/v2\/product_tag?post=29712"}],"curies":[{"name":"wp","href":"https:\/\/api.w.org\/{rel}","templated":true}]}}