{"id":29718,"date":"2024-11-07T13:08:15","date_gmt":"2024-11-07T12:08:15","guid":{"rendered":"https:\/\/otop.ch\/?post_type=product&#038;p=29718"},"modified":"2025-01-25T16:29:21","modified_gmt":"2025-01-25T15:29:21","slug":"nr-29","status":"publish","type":"product","link":"https:\/\/otop.ch\/en\/product\/nr-29\/","title":{"rendered":"Nr 29"},"content":{"rendered":"","protected":false},"excerpt":{"rendered":"<p>Une touche romantique et chic pour toutes vos c\u00e9l\u00e9brations.<\/p>\n<p>D\u00e9tails du produit :<\/p>\n<p><strong>10<\/strong> c\u0153urs en aluminium (<strong>45<\/strong> cm) dans des tons m\u00e9talliques \u00e9l\u00e9gants.<\/p>\n<p>Rubans dor\u00e9s pour une finition raffin\u00e9e et festive.<\/p>\n<p><em>*Les couleurs, formes et d\u00e9tails peuvent \u00eatre enti\u00e8rement personnalis\u00e9s selon vos envies.<\/em><\/p>","protected":false},"featured_media":29720,"template":"","meta":[],"product_brand":[],"product_cat":[179,551,556,130,182,219],"product_tag":[],"class_list":{"0":"post-29718","1":"product","2":"type-product","3":"status-publish","4":"has-post-thumbnail","6":"product_cat-compositions-pretes","7":"product_cat-pour-elle","8":"product_cat-amour","9":"product_cat-helium","10":"product_cat-aluminium","11":"product_cat-coeurs","13":"first","14":"instock","15":"shipping-taxable","16":"purchasable","17":"product-type-simple"},"aioseo_notices":[],"jetpack_sharing_enabled":true,"_links":{"self":[{"href":"https:\/\/otop.ch\/en\/wp-json\/wp\/v2\/product\/29718"}],"collection":[{"href":"https:\/\/otop.ch\/en\/wp-json\/wp\/v2\/product"}],"about":[{"href":"https:\/\/otop.ch\/en\/wp-json\/wp\/v2\/types\/product"}],"version-history":[{"count":1,"href":"https:\/\/otop.ch\/en\/wp-json\/wp\/v2\/product\/29718\/revisions"}],"predecessor-version":[{"id":29723,"href":"https:\/\/otop.ch\/en\/wp-json\/wp\/v2\/product\/29718\/revisions\/29723"}],"wp:featuredmedia":[{"embeddable":true,"href":"https:\/\/otop.ch\/en\/wp-json\/wp\/v2\/media\/29720"}],"wp:attachment":[{"href":"https:\/\/otop.ch\/en\/wp-json\/wp\/v2\/media?parent=29718"}],"wp:term":[{"taxonomy":"product_brand","embeddable":true,"href":"https:\/\/otop.ch\/en\/wp-json\/wp\/v2\/product_brand?post=29718"},{"taxonomy":"product_cat","embeddable":true,"href":"https:\/\/otop.ch\/en\/wp-json\/wp\/v2\/product_cat?post=29718"},{"taxonomy":"product_tag","embeddable":true,"href":"https:\/\/otop.ch\/en\/wp-json\/wp\/v2\/product_tag?post=29718"}],"curies":[{"name":"wp","href":"https:\/\/api.w.org\/{rel}","templated":true}]}}