{"id":29732,"date":"2024-11-07T14:43:37","date_gmt":"2024-11-07T13:43:37","guid":{"rendered":"https:\/\/otop.ch\/?post_type=product&#038;p=29732"},"modified":"2025-01-25T16:27:31","modified_gmt":"2025-01-25T15:27:31","slug":"nr-31","status":"publish","type":"product","link":"https:\/\/otop.ch\/en\/product\/nr-31\/","title":{"rendered":"Nr 31"},"content":{"rendered":"","protected":false},"excerpt":{"rendered":"<p>Une composition pour exprimer des sentiments inoubliables.<\/p>\n<p>D\u00e9tails du produit :<\/p>\n<p><strong>1<\/strong> grand ballon double stuffing (<strong>60<\/strong> cm) avec \u00e9criture personnalis\u00e9e et confettis romantiques.<\/p>\n<p><strong>1<\/strong> bouquet compos\u00e9 de <strong>10<\/strong> c\u0153urs en aluminium (<strong>45<\/strong> cm) dans des tons harmonieux.<\/p>\n<p>Rubans \u00e9l\u00e9gants pour une finition soign\u00e9e.<\/p>\n<p><em>*Les couleurs, inscriptions et d\u00e9tails sont enti\u00e8rement personnalisables.<\/em><\/p>","protected":false},"featured_media":29736,"template":"","meta":[],"product_brand":[],"product_cat":[179,551,556,130],"product_tag":[],"class_list":{"0":"post-29732","1":"product","2":"type-product","3":"status-publish","4":"has-post-thumbnail","6":"product_cat-compositions-pretes","7":"product_cat-pour-elle","8":"product_cat-amour","9":"product_cat-helium","11":"first","12":"instock","13":"shipping-taxable","14":"purchasable","15":"product-type-simple"},"aioseo_notices":[],"jetpack_sharing_enabled":true,"_links":{"self":[{"href":"https:\/\/otop.ch\/en\/wp-json\/wp\/v2\/product\/29732"}],"collection":[{"href":"https:\/\/otop.ch\/en\/wp-json\/wp\/v2\/product"}],"about":[{"href":"https:\/\/otop.ch\/en\/wp-json\/wp\/v2\/types\/product"}],"version-history":[{"count":2,"href":"https:\/\/otop.ch\/en\/wp-json\/wp\/v2\/product\/29732\/revisions"}],"predecessor-version":[{"id":29740,"href":"https:\/\/otop.ch\/en\/wp-json\/wp\/v2\/product\/29732\/revisions\/29740"}],"wp:featuredmedia":[{"embeddable":true,"href":"https:\/\/otop.ch\/en\/wp-json\/wp\/v2\/media\/29736"}],"wp:attachment":[{"href":"https:\/\/otop.ch\/en\/wp-json\/wp\/v2\/media?parent=29732"}],"wp:term":[{"taxonomy":"product_brand","embeddable":true,"href":"https:\/\/otop.ch\/en\/wp-json\/wp\/v2\/product_brand?post=29732"},{"taxonomy":"product_cat","embeddable":true,"href":"https:\/\/otop.ch\/en\/wp-json\/wp\/v2\/product_cat?post=29732"},{"taxonomy":"product_tag","embeddable":true,"href":"https:\/\/otop.ch\/en\/wp-json\/wp\/v2\/product_tag?post=29732"}],"curies":[{"name":"wp","href":"https:\/\/api.w.org\/{rel}","templated":true}]}}