{"id":29748,"date":"2024-11-07T20:00:25","date_gmt":"2024-11-07T19:00:25","guid":{"rendered":"https:\/\/otop.ch\/?post_type=product&#038;p=29748"},"modified":"2025-01-25T16:22:38","modified_gmt":"2025-01-25T15:22:38","slug":"nr-33","status":"publish","type":"product","link":"https:\/\/otop.ch\/en\/product\/nr-33\/","title":{"rendered":"Nr 33"},"content":{"rendered":"","protected":false},"excerpt":{"rendered":"<p>Une composition festive pour illuminer vos f\u00eates de fin d&rsquo;ann\u00e9e !<\/p>\n<p>D\u00e9tails du produit :<\/p>\n<p><strong>1<\/strong> grand ballon double stuffing (<strong>45<\/strong> cm) avec confettis et \u00e9criture personnalis\u00e9e.<\/p>\n<p><strong>1<\/strong> ballon P\u00e8re No\u00ebl en aluminium pour une touche joyeuse.<\/p>\n<p><strong>1<\/strong> ballon Boule de sapin en aluminium vert et rouge.<\/p>\n<p><strong>1<\/strong> ballon Renne adorable en aluminium.<\/p>\n<p><strong>4<\/strong> ballons en latex assortis pour compl\u00e9ter l\u2019ensemble.<\/p>\n<p>Rubans et n\u0153uds d\u00e9coratifs pour un look soign\u00e9 et festif.<\/p>\n<p><em>*Ajoutez une ambiance magique \u00e0 votre d\u00e9cor de No\u00ebl. Tout est personnalisable selon vos pr\u00e9f\u00e9rences !<\/em><\/p>","protected":false},"featured_media":29755,"template":"","meta":[],"product_brand":[],"product_cat":[419,179,551,552,553,554,130],"product_tag":[],"class_list":{"0":"post-29748","1":"product","2":"type-product","3":"status-publish","4":"has-post-thumbnail","6":"product_cat-thematique","7":"product_cat-compositions-pretes","8":"product_cat-pour-elle","9":"product_cat-pour-lui","10":"product_cat-filles","11":"product_cat-garcons","12":"product_cat-helium","14":"first","15":"instock","16":"shipping-taxable","17":"purchasable","18":"product-type-simple"},"aioseo_notices":[],"jetpack_sharing_enabled":true,"_links":{"self":[{"href":"https:\/\/otop.ch\/en\/wp-json\/wp\/v2\/product\/29748"}],"collection":[{"href":"https:\/\/otop.ch\/en\/wp-json\/wp\/v2\/product"}],"about":[{"href":"https:\/\/otop.ch\/en\/wp-json\/wp\/v2\/types\/product"}],"version-history":[{"count":2,"href":"https:\/\/otop.ch\/en\/wp-json\/wp\/v2\/product\/29748\/revisions"}],"predecessor-version":[{"id":29757,"href":"https:\/\/otop.ch\/en\/wp-json\/wp\/v2\/product\/29748\/revisions\/29757"}],"wp:featuredmedia":[{"embeddable":true,"href":"https:\/\/otop.ch\/en\/wp-json\/wp\/v2\/media\/29755"}],"wp:attachment":[{"href":"https:\/\/otop.ch\/en\/wp-json\/wp\/v2\/media?parent=29748"}],"wp:term":[{"taxonomy":"product_brand","embeddable":true,"href":"https:\/\/otop.ch\/en\/wp-json\/wp\/v2\/product_brand?post=29748"},{"taxonomy":"product_cat","embeddable":true,"href":"https:\/\/otop.ch\/en\/wp-json\/wp\/v2\/product_cat?post=29748"},{"taxonomy":"product_tag","embeddable":true,"href":"https:\/\/otop.ch\/en\/wp-json\/wp\/v2\/product_tag?post=29748"}],"curies":[{"name":"wp","href":"https:\/\/api.w.org\/{rel}","templated":true}]}}