{"id":29840,"date":"2024-12-18T12:30:28","date_gmt":"2024-12-18T11:30:28","guid":{"rendered":"https:\/\/otop.ch\/?post_type=product&#038;p=29840"},"modified":"2025-01-25T16:18:27","modified_gmt":"2025-01-25T15:18:27","slug":"nr-34","status":"publish","type":"product","link":"https:\/\/otop.ch\/en\/product\/nr-34\/","title":{"rendered":"Nr 34"},"content":{"rendered":"","protected":false},"excerpt":{"rendered":"<p>Apportez une ambiance \u00e9l\u00e9gante et festive \u00e0 votre \u00e9v\u00e9nement avec cette composition moderne et raffin\u00e9e.<\/p>\n<p>D\u00e9tails du produit<\/p>\n<p><strong>Au plafond :<\/strong><br \/>\n<strong>15<\/strong> ballons en latex flottants pour une atmosph\u00e8re douce et a\u00e9rienne<\/p>\n<p><strong>Sur poids :<\/strong><br \/>\n<strong>1<\/strong> grand ballon double stuffing (<strong>60<\/strong> cm) avec \u00e9criture personnalis\u00e9e et confettis m\u00e9tallis\u00e9s pour un effet unique<\/p>\n<p><strong>1 bouquet comprenant :<\/strong><br \/>\n6 ballons en latex blancs<br \/>\n4 ballons Reflex argent\u00e9s pour un m\u00e9lange harmonieux et \u00e9quilibr\u00e9<\/p>\n<p><em><strong>* <\/strong>Les couleurs, les \u00e9critures et les styles peuvent \u00eatre personnalis\u00e9s selon vos pr\u00e9f\u00e9rences pour rendre chaque d\u00e9tail unique.<\/em><\/p>","protected":false},"featured_media":29841,"template":"","meta":[],"product_brand":[],"product_cat":[324,179,551,552,553,554,130],"product_tag":[],"class_list":{"0":"post-29840","1":"product","2":"type-product","3":"status-publish","4":"has-post-thumbnail","6":"product_cat-latex","7":"product_cat-compositions-pretes","8":"product_cat-pour-elle","9":"product_cat-pour-lui","10":"product_cat-filles","11":"product_cat-garcons","12":"product_cat-helium","14":"first","15":"instock","16":"shipping-taxable","17":"purchasable","18":"product-type-simple"},"aioseo_notices":[],"jetpack_sharing_enabled":true,"_links":{"self":[{"href":"https:\/\/otop.ch\/en\/wp-json\/wp\/v2\/product\/29840"}],"collection":[{"href":"https:\/\/otop.ch\/en\/wp-json\/wp\/v2\/product"}],"about":[{"href":"https:\/\/otop.ch\/en\/wp-json\/wp\/v2\/types\/product"}],"version-history":[{"count":1,"href":"https:\/\/otop.ch\/en\/wp-json\/wp\/v2\/product\/29840\/revisions"}],"predecessor-version":[{"id":29848,"href":"https:\/\/otop.ch\/en\/wp-json\/wp\/v2\/product\/29840\/revisions\/29848"}],"wp:featuredmedia":[{"embeddable":true,"href":"https:\/\/otop.ch\/en\/wp-json\/wp\/v2\/media\/29841"}],"wp:attachment":[{"href":"https:\/\/otop.ch\/en\/wp-json\/wp\/v2\/media?parent=29840"}],"wp:term":[{"taxonomy":"product_brand","embeddable":true,"href":"https:\/\/otop.ch\/en\/wp-json\/wp\/v2\/product_brand?post=29840"},{"taxonomy":"product_cat","embeddable":true,"href":"https:\/\/otop.ch\/en\/wp-json\/wp\/v2\/product_cat?post=29840"},{"taxonomy":"product_tag","embeddable":true,"href":"https:\/\/otop.ch\/en\/wp-json\/wp\/v2\/product_tag?post=29840"}],"curies":[{"name":"wp","href":"https:\/\/api.w.org\/{rel}","templated":true}]}}