{"id":29849,"date":"2024-12-18T13:09:04","date_gmt":"2024-12-18T12:09:04","guid":{"rendered":"https:\/\/otop.ch\/?post_type=product&#038;p=29849"},"modified":"2025-01-25T16:14:05","modified_gmt":"2025-01-25T15:14:05","slug":"nr-35","status":"publish","type":"product","link":"https:\/\/otop.ch\/en\/product\/nr-35\/","title":{"rendered":"Nr 35"},"content":{"rendered":"","protected":false},"excerpt":{"rendered":"<p>Ajoutez une touche d\u2019amour et d\u2019\u00e9l\u00e9gance \u00e0 votre \u00e9v\u00e9nement avec cette composition romantique, parfaite pour un anniversaire, une d\u00e9claration ou une occasion sp\u00e9ciale.<\/p>\n<p>D\u00e9tails du produit :<\/p>\n<p><strong>1<\/strong> ballon c\u0153ur en aluminium (<strong>90<\/strong> cm) avec \u00e9criture personnalis\u00e9e pour marquer l\u2019occasion<\/p>\n<p><strong>1<\/strong> bouquet comprenant :<\/p>\n<p><strong>5<\/strong> ballons c\u0153ur en aluminium rouge (<strong>45<\/strong> cm) pour une touche \u00e9clatante<br \/>\n<strong>5<\/strong> ballons c\u0153ur en aluminium rose (<strong>45<\/strong> cm) pour une note douce et harmonieuse<\/p>\n<p>Rubans et n\u0153uds d\u00e9coratifs inclus pour une finition soign\u00e9e et \u00e9l\u00e9gante.<\/p>\n<p><em>*Les couleurs et les types de ballons peuvent \u00eatre ajust\u00e9s selon vos pr\u00e9f\u00e9rences, en fonction des stocks disponibles.<\/em><\/p>","protected":false},"featured_media":29857,"template":"","meta":[],"product_brand":[],"product_cat":[179,551,556,130,182,219],"product_tag":[],"class_list":{"0":"post-29849","1":"product","2":"type-product","3":"status-publish","4":"has-post-thumbnail","6":"product_cat-compositions-pretes","7":"product_cat-pour-elle","8":"product_cat-amour","9":"product_cat-helium","10":"product_cat-aluminium","11":"product_cat-coeurs","13":"first","14":"instock","15":"shipping-taxable","16":"purchasable","17":"product-type-simple"},"aioseo_notices":[],"jetpack_sharing_enabled":true,"_links":{"self":[{"href":"https:\/\/otop.ch\/en\/wp-json\/wp\/v2\/product\/29849"}],"collection":[{"href":"https:\/\/otop.ch\/en\/wp-json\/wp\/v2\/product"}],"about":[{"href":"https:\/\/otop.ch\/en\/wp-json\/wp\/v2\/types\/product"}],"version-history":[{"count":2,"href":"https:\/\/otop.ch\/en\/wp-json\/wp\/v2\/product\/29849\/revisions"}],"predecessor-version":[{"id":29860,"href":"https:\/\/otop.ch\/en\/wp-json\/wp\/v2\/product\/29849\/revisions\/29860"}],"wp:featuredmedia":[{"embeddable":true,"href":"https:\/\/otop.ch\/en\/wp-json\/wp\/v2\/media\/29857"}],"wp:attachment":[{"href":"https:\/\/otop.ch\/en\/wp-json\/wp\/v2\/media?parent=29849"}],"wp:term":[{"taxonomy":"product_brand","embeddable":true,"href":"https:\/\/otop.ch\/en\/wp-json\/wp\/v2\/product_brand?post=29849"},{"taxonomy":"product_cat","embeddable":true,"href":"https:\/\/otop.ch\/en\/wp-json\/wp\/v2\/product_cat?post=29849"},{"taxonomy":"product_tag","embeddable":true,"href":"https:\/\/otop.ch\/en\/wp-json\/wp\/v2\/product_tag?post=29849"}],"curies":[{"name":"wp","href":"https:\/\/api.w.org\/{rel}","templated":true}]}}