{"id":29861,"date":"2024-12-18T20:46:37","date_gmt":"2024-12-18T19:46:37","guid":{"rendered":"https:\/\/otop.ch\/?post_type=product&#038;p=29861"},"modified":"2025-01-25T16:08:31","modified_gmt":"2025-01-25T15:08:31","slug":"nr-36","status":"publish","type":"product","link":"https:\/\/otop.ch\/en\/product\/nr-36\/","title":{"rendered":"Nr 36"},"content":{"rendered":"","protected":false},"excerpt":{"rendered":"<p>Transformez votre \u00e9v\u00e9nement en une c\u00e9l\u00e9bration m\u00e9morable avec ce bouquet d\u2019exception. Id\u00e9al pour les occasions o\u00f9 l\u2019\u00e9l\u00e9gance et la grandeur sont \u00e0 l\u2019honneur, cette composition raffin\u00e9e est parfaite pour les anniversaires prestigieux, les mariages ou les c\u00e9l\u00e9brations exclusives.<\/p>\n<p>D\u00e9tails du produit :<\/p>\n<p><strong>1<\/strong> bouquet comprenant :<\/p>\n<p><strong>5<\/strong> ballons g\u00e9ants double stuffing (<strong>60<\/strong> cm) pour une allure majestueuse<\/p>\n<p>Remplissage de confettis dor\u00e9s pour une touche festive et luxueuse<\/p>\n<p>Chaque ballon est soigneusement con\u00e7u pour offrir une qualit\u00e9 <strong>premium.<\/strong><\/p>\n<p>Rubans en satin et n\u0153uds d\u00e9coratifs inclus pour une pr\u00e9sentation \u00e9l\u00e9gante et soign\u00e9e.<\/p>\n<p>&nbsp;<\/p>\n<p><em>*Les couleurs et types de ballons peuvent \u00eatre ajust\u00e9s selon vos pr\u00e9f\u00e9rences, en fonction des stocks disponibles.<\/em><\/p>","protected":false},"featured_media":29865,"template":"","meta":[],"product_brand":[],"product_cat":[324,179,551,552,556,557,130],"product_tag":[],"class_list":{"0":"post-29861","1":"product","2":"type-product","3":"status-publish","4":"has-post-thumbnail","6":"product_cat-latex","7":"product_cat-compositions-pretes","8":"product_cat-pour-elle","9":"product_cat-pour-lui","10":"product_cat-amour","11":"product_cat-les-geants","12":"product_cat-helium","14":"first","15":"instock","16":"shipping-taxable","17":"purchasable","18":"product-type-simple"},"aioseo_notices":[],"jetpack_sharing_enabled":true,"_links":{"self":[{"href":"https:\/\/otop.ch\/en\/wp-json\/wp\/v2\/product\/29861"}],"collection":[{"href":"https:\/\/otop.ch\/en\/wp-json\/wp\/v2\/product"}],"about":[{"href":"https:\/\/otop.ch\/en\/wp-json\/wp\/v2\/types\/product"}],"version-history":[{"count":2,"href":"https:\/\/otop.ch\/en\/wp-json\/wp\/v2\/product\/29861\/revisions"}],"predecessor-version":[{"id":29871,"href":"https:\/\/otop.ch\/en\/wp-json\/wp\/v2\/product\/29861\/revisions\/29871"}],"wp:featuredmedia":[{"embeddable":true,"href":"https:\/\/otop.ch\/en\/wp-json\/wp\/v2\/media\/29865"}],"wp:attachment":[{"href":"https:\/\/otop.ch\/en\/wp-json\/wp\/v2\/media?parent=29861"}],"wp:term":[{"taxonomy":"product_brand","embeddable":true,"href":"https:\/\/otop.ch\/en\/wp-json\/wp\/v2\/product_brand?post=29861"},{"taxonomy":"product_cat","embeddable":true,"href":"https:\/\/otop.ch\/en\/wp-json\/wp\/v2\/product_cat?post=29861"},{"taxonomy":"product_tag","embeddable":true,"href":"https:\/\/otop.ch\/en\/wp-json\/wp\/v2\/product_tag?post=29861"}],"curies":[{"name":"wp","href":"https:\/\/api.w.org\/{rel}","templated":true}]}}