{"id":29873,"date":"2024-12-18T21:24:58","date_gmt":"2024-12-18T20:24:58","guid":{"rendered":"https:\/\/otop.ch\/?post_type=product&#038;p=29873"},"modified":"2025-01-25T16:04:43","modified_gmt":"2025-01-25T15:04:43","slug":"nr-37","status":"publish","type":"product","link":"https:\/\/otop.ch\/en\/product\/nr-37\/","title":{"rendered":"Nr 37"},"content":{"rendered":"","protected":false},"excerpt":{"rendered":"<p>Ajoutez une note d\u2019\u00e9l\u00e9gance pure et intemporelle \u00e0 votre c\u00e9l\u00e9bration avec cette magnifique composition, id\u00e9ale pour exprimer vos \u00e9motions lors d\u2019un anniversaire, d\u2019une d\u00e9claration ou d\u2019une occasion unique.<\/p>\n<p>D\u00e9tails du produit :<br \/>\n<strong>1<\/strong> ballon c\u0153ur g\u00e9ant (<strong>75<\/strong> cm) avec \u00e9criture personnalis\u00e9e pour un message unique et attentionn\u00e9<\/p>\n<p><strong>1<\/strong> bouquet comprenant :<\/p>\n<p><strong>10<\/strong> ballons en latex dans des teintes blanches douces et \u00e9pur\u00e9es<\/p>\n<p>Rubans satin\u00e9s rouges pour une touche de contraste sophistiqu\u00e9e<\/p>\n<p>&nbsp;<\/p>\n<p><em>*Les couleurs et types de ballons peuvent \u00eatre ajust\u00e9s selon vos pr\u00e9f\u00e9rences, en fonction des stocks disponibles.<\/em><\/p>","protected":false},"featured_media":29875,"template":"","meta":[],"product_brand":[],"product_cat":[179,551,556,130],"product_tag":[],"class_list":{"0":"post-29873","1":"product","2":"type-product","3":"status-publish","4":"has-post-thumbnail","6":"product_cat-compositions-pretes","7":"product_cat-pour-elle","8":"product_cat-amour","9":"product_cat-helium","11":"first","12":"instock","13":"shipping-taxable","14":"purchasable","15":"product-type-simple"},"aioseo_notices":[],"jetpack_sharing_enabled":true,"_links":{"self":[{"href":"https:\/\/otop.ch\/en\/wp-json\/wp\/v2\/product\/29873"}],"collection":[{"href":"https:\/\/otop.ch\/en\/wp-json\/wp\/v2\/product"}],"about":[{"href":"https:\/\/otop.ch\/en\/wp-json\/wp\/v2\/types\/product"}],"version-history":[{"count":1,"href":"https:\/\/otop.ch\/en\/wp-json\/wp\/v2\/product\/29873\/revisions"}],"predecessor-version":[{"id":29877,"href":"https:\/\/otop.ch\/en\/wp-json\/wp\/v2\/product\/29873\/revisions\/29877"}],"wp:featuredmedia":[{"embeddable":true,"href":"https:\/\/otop.ch\/en\/wp-json\/wp\/v2\/media\/29875"}],"wp:attachment":[{"href":"https:\/\/otop.ch\/en\/wp-json\/wp\/v2\/media?parent=29873"}],"wp:term":[{"taxonomy":"product_brand","embeddable":true,"href":"https:\/\/otop.ch\/en\/wp-json\/wp\/v2\/product_brand?post=29873"},{"taxonomy":"product_cat","embeddable":true,"href":"https:\/\/otop.ch\/en\/wp-json\/wp\/v2\/product_cat?post=29873"},{"taxonomy":"product_tag","embeddable":true,"href":"https:\/\/otop.ch\/en\/wp-json\/wp\/v2\/product_tag?post=29873"}],"curies":[{"name":"wp","href":"https:\/\/api.w.org\/{rel}","templated":true}]}}