{"id":29886,"date":"2024-12-18T22:36:42","date_gmt":"2024-12-18T21:36:42","guid":{"rendered":"https:\/\/otop.ch\/?post_type=product&#038;p=29886"},"modified":"2025-01-25T14:57:55","modified_gmt":"2025-01-25T13:57:55","slug":"nr-39","status":"publish","type":"product","link":"https:\/\/otop.ch\/en\/product\/nr-39\/","title":{"rendered":"Nr 39"},"content":{"rendered":"","protected":false},"excerpt":{"rendered":"<div class=\"flex-1 overflow-hidden @container\/thread\">\n<div class=\"h-full\">\n<div class=\"react-scroll-to-bottom--css-qdtbe-79elbk h-full\">\n<div class=\"react-scroll-to-bottom--css-qdtbe-1n7m0yu\">\n<div class=\"flex flex-col text-sm md:pb-9\">\n<article class=\"w-full scroll-mb-[var(--thread-trailing-height,150px)] text-token-text-primary focus-visible:outline-2 focus-visible:outline-offset-[-4px]\" dir=\"auto\" data-testid=\"conversation-turn-195\" data-scroll-anchor=\"true\">\n<div class=\"m-auto text-base py-[18px] px-3 md:px-4 w-full md:px-5 lg:px-4 xl:px-5\">\n<div class=\"mx-auto flex flex-1 gap-4 text-base md:gap-5 lg:gap-6 md:max-w-3xl lg:max-w-[40rem] xl:max-w-[48rem]\">\n<div class=\"group\/conversation-turn relative flex w-full min-w-0 flex-col agent-turn\">\n<div class=\"flex-col gap-1 md:gap-3\">\n<div class=\"flex max-w-full flex-col flex-grow\">\n<div class=\"min-h-8 text-message flex w-full flex-col items-end gap-2 whitespace-normal break-words text-start [.text-message+&amp;]:mt-5\" dir=\"auto\" data-message-author-role=\"assistant\" data-message-id=\"5f3a54aa-3d3d-4de0-bf2a-db5e962eb8ab\" data-message-model-slug=\"gpt-4o\">\n<div class=\"flex w-full flex-col gap-1 empty:hidden first:pt-[3px]\">\n<div class=\"markdown prose w-full break-words dark:prose-invert light\">\n<p>Composition spectaculaire, id\u00e9ale pour un enterrement de vie de jeune fille ou une c\u00e9l\u00e9bration sp\u00e9ciale.<\/p>\n<p>D\u00e9tails du produit :<\/p>\n<p><strong>1<\/strong> ensemble de ballons en aluminium formant le mot <strong>BRIDE<\/strong> pour un effet saisissant et festif<\/p>\n<p>Au plafond:<\/p>\n<p><strong>25 <\/strong>ballons comprenant :<\/p>\n<ul>\n<li><strong>7<\/strong> ballons transparents remplis de confettis pour une touche scintillante<\/li>\n<li><strong>9<\/strong> ballons en latex effet reflex pour une finition brillante<\/li>\n<li><strong>9<\/strong> ballons en latex classiques pour une d\u00e9coration a\u00e9rienne harmonieuse<\/li>\n<\/ul>\n<p>Au sol:<\/p>\n<p><strong>20 <\/strong>ballons en latex sans h\u00e9lium joliment dispos\u00e9s sur le lit pour compl\u00e9ter l&rsquo;ambiance festive<\/p>\n<p>Rubans et n\u0153uds d\u00e9coratifs inclus pour une finition soign\u00e9e et \u00e9l\u00e9gante.<\/p>\n<p>&nbsp;<\/p>\n<p><em>*<\/em><em>Les couleurs et les types de ballons peuvent \u00eatre ajust\u00e9s selon vos pr\u00e9f\u00e9rences, en fonction des stocks disponibles.<\/em><\/p>\n<\/div>\n<\/div>\n<\/div>\n<\/div>\n<div class=\"mt-3 w-full empty:hidden\">\n<div class=\"text-center\"><\/div>\n<\/div>\n<\/div>\n<div class=\"absolute\">\n<div class=\"flex items-center justify-center\"><\/div>\n<\/div>\n<\/div>\n<\/div>\n<\/div>\n<\/article>\n<\/div>\n<\/div>\n<\/div>\n<\/div>\n<\/div>\n<div class=\"md:pt-0 dark:border-white\/20 md:border-transparent md:dark:border-transparent w-full\">\n<div>\n<div class=\"m-auto text-base px-3 md:px-4 w-full md:px-5 lg:px-4 xl:px-5\">\n<div class=\"mx-auto flex flex-1 gap-4 text-base md:gap-5 lg:gap-6 md:max-w-3xl lg:max-w-[40rem] xl:max-w-[48rem]\">\n<div class=\"flex justify-center\"><\/div>\n<\/div>\n<\/div>\n<\/div>\n<\/div>","protected":false},"featured_media":29887,"template":"","meta":[],"product_brand":[],"product_cat":[419,179,551,553,556,130],"product_tag":[],"class_list":{"0":"post-29886","1":"product","2":"type-product","3":"status-publish","4":"has-post-thumbnail","6":"product_cat-thematique","7":"product_cat-compositions-pretes","8":"product_cat-pour-elle","9":"product_cat-filles","10":"product_cat-amour","11":"product_cat-helium","13":"first","14":"instock","15":"shipping-taxable","16":"purchasable","17":"product-type-simple"},"aioseo_notices":[],"jetpack_sharing_enabled":true,"_links":{"self":[{"href":"https:\/\/otop.ch\/en\/wp-json\/wp\/v2\/product\/29886"}],"collection":[{"href":"https:\/\/otop.ch\/en\/wp-json\/wp\/v2\/product"}],"about":[{"href":"https:\/\/otop.ch\/en\/wp-json\/wp\/v2\/types\/product"}],"version-history":[{"count":2,"href":"https:\/\/otop.ch\/en\/wp-json\/wp\/v2\/product\/29886\/revisions"}],"predecessor-version":[{"id":29894,"href":"https:\/\/otop.ch\/en\/wp-json\/wp\/v2\/product\/29886\/revisions\/29894"}],"wp:featuredmedia":[{"embeddable":true,"href":"https:\/\/otop.ch\/en\/wp-json\/wp\/v2\/media\/29887"}],"wp:attachment":[{"href":"https:\/\/otop.ch\/en\/wp-json\/wp\/v2\/media?parent=29886"}],"wp:term":[{"taxonomy":"product_brand","embeddable":true,"href":"https:\/\/otop.ch\/en\/wp-json\/wp\/v2\/product_brand?post=29886"},{"taxonomy":"product_cat","embeddable":true,"href":"https:\/\/otop.ch\/en\/wp-json\/wp\/v2\/product_cat?post=29886"},{"taxonomy":"product_tag","embeddable":true,"href":"https:\/\/otop.ch\/en\/wp-json\/wp\/v2\/product_tag?post=29886"}],"curies":[{"name":"wp","href":"https:\/\/api.w.org\/{rel}","templated":true}]}}